{"id":9198,"date":"2026-03-20T12:36:17","date_gmt":"2026-03-20T19:36:17","guid":{"rendered":"https:\/\/mrfingerprints.com\/blog-de-noticias-sobre-toma-de-huellas-dactilares\/"},"modified":"2026-03-20T12:36:18","modified_gmt":"2026-03-20T19:36:18","slug":"blog-de-noticias-sobre-toma-de-huellas-dactilares","status":"publish","type":"page","link":"https:\/\/mrfingerprints.com\/es\/blog-de-noticias-sobre-toma-de-huellas-dactilares\/","title":{"rendered":"Blog de noticias sobre toma de huellas dactilares"},"content":{"rendered":"\t\t<div data-elementor-type=\"wp-page\" data-elementor-id=\"9198\" class=\"elementor elementor-9198 elementor-46\" data-elementor-post-type=\"page\">\n\t\t\t\t<div class=\"elementor-element elementor-element-2af0830 e-flex e-con-boxed e-con e-parent\" data-id=\"2af0830\" data-element_type=\"container\" data-e-type=\"container\">\n\t\t\t\t\t<div class=\"e-con-inner\">\n\t\t\t\t<div class=\"elementor-element elementor-element-6ae84f4c raven-advaned-posts-equal-height-yes raven-hover-zoom-move elementor-widget elementor-widget-raven-advanced-posts\" data-id=\"6ae84f4c\" data-element_type=\"widget\" data-e-type=\"widget\" data-settings=\"{&quot;query_posts_per_page&quot;:8,&quot;columns_tablet&quot;:&quot;1&quot;,&quot;featured_image_hover&quot;:&quot;zoom-move&quot;,&quot;pagination_type&quot;:&quot;infinite_load&quot;,&quot;general_layout&quot;:&quot;grid&quot;,&quot;columns&quot;:&quot;3&quot;,&quot;columns_mobile&quot;:&quot;1&quot;,&quot;query_orderby&quot;:&quot;date&quot;,&quot;query_offset&quot;:0}\" data-widget_type=\"raven-advanced-posts.default\">\n\t\t\t\t<div class=\"elementor-widget-container\">\n\t\t\t\t\t\t\t<div class=\"raven-posts raven-posts-grid\">\n\t\t\t\t\t\t<div class=\"advanced-posts-content content-layout-under-image raven-grid raven-grid-3 raven-grid-mobile-1 raven-grid-tablet-1 zoom-move \" data-post-id=\"9198\" data-archive-query=\"\">\n\t\t\t\t<div class=\"raven-posts-item raven-grid-item  \"><div class=\"raven-post-wrapper \"><div class=\"raven-post  \"><div class=\"raven-post-content-container\"><div class=\"raven-post-content\" data-id=\"9313\"><h3 class=\"raven-post-title\"><a class=\"raven-post-title-link\" href=\"https:\/\/mrfingerprints.com\/es\/como-obtener-un-certificado-de-antecedentes-del-fbi-viviendo-en-el-extranjero-guia-paso-a-paso-2026\/\">C\u00f3mo obtener un certificado de antecedentes del FBI viviendo en el extranjero: gu\u00eda paso a paso 2026<\/a><\/h3><div class=\"raven-post-excerpt\">C\u00f3mo obtener un certificado de antecedentes del FBI viviendo en el extranjero: gu\u00eda paso a paso 2026 Si<\/div><\/div><\/div><\/div><\/div><\/div><div class=\"raven-posts-item raven-grid-item  \"><div class=\"raven-post-wrapper \"><div class=\"raven-post  \"><div class=\"raven-post-content-container\"><div class=\"raven-post-content\" data-id=\"9312\"><h3 class=\"raven-post-title\"><a class=\"raven-post-title-link\" href=\"https:\/\/mrfingerprints.com\/es\/verificacion-de-antecedentes-del-fbi-para-visados-de-nomada-digital-guia-completa-por-paises-2026\/\">Verificaci\u00f3n de antecedentes del FBI para visados de n\u00f3mada digital: gu\u00eda completa por pa\u00edses 2026<\/a><\/h3><div class=\"raven-post-excerpt\">Verificaci\u00f3n de antecedentes del FBI para visados de n\u00f3mada digital: la gu\u00eda completa por pa\u00edses 2026 A partir<\/div><\/div><\/div><\/div><\/div><\/div><div class=\"raven-posts-item raven-grid-item  \"><div class=\"raven-post-wrapper \"><div class=\"raven-post  \"><div class=\"raven-post-content-container\"><div class=\"raven-post-content\" data-id=\"9305\"><h3 class=\"raven-post-title\"><a class=\"raven-post-title-link\" href=\"https:\/\/mrfingerprints.com\/es\/verificacion-de-antecedentes-del-fbi-para-solicitudes-de-doble-nacionalidad-guia-completa-para-2026\/\">Verificaci\u00f3n de antecedentes del FBI para solicitudes de doble nacionalidad: Gu\u00eda completa para 2026<\/a><\/h3><div class=\"raven-post-excerpt\">Verificaci\u00f3n de antecedentes del FBI para solicitudes de doble nacionalidad: La gu\u00eda completa para 2026 La b\u00fasqueda de<\/div><\/div><\/div><\/div><\/div><\/div><div class=\"raven-posts-item raven-grid-item  \"><div class=\"raven-post-wrapper \"><div class=\"raven-post  \"><div class=\"raven-post-content-container\"><div class=\"raven-post-content\" data-id=\"9303\"><h3 class=\"raven-post-title\"><a class=\"raven-post-title-link\" href=\"https:\/\/mrfingerprints.com\/es\/huellas-dactilares-del-fbi-para-ciudadanos-estadounidenses-que-viven-en-australia-guia-de-visados-y-residencia-2026\/\">Huellas dactilares del FBI para ciudadanos estadounidenses que viven en Australia: Gu\u00eda de visados y residencia (2026)<\/a><\/h3><div class=\"raven-post-excerpt\">Huellas dactilares del FBI para ciudadanos estadounidenses que viven en Australia: Gu\u00eda de visados y residencia (2026) Australia<\/div><\/div><\/div><\/div><\/div><\/div><div class=\"raven-posts-item raven-grid-item  \"><div class=\"raven-post-wrapper \"><div class=\"raven-post  \"><div class=\"raven-post-content-container\"><div class=\"raven-post-content\" data-id=\"9300\"><h3 class=\"raven-post-title\"><a class=\"raven-post-title-link\" href=\"https:\/\/mrfingerprints.com\/es\/huellas-dactilares-del-fbi-para-ciudadanos-estadounidenses-residentes-en-el-reino-unido-inglaterra-escocia-y-gales-guia-2026\/\">Huellas dactilares del FBI para ciudadanos estadounidenses residentes en el Reino Unido (Inglaterra, Escocia y Gales) \u2014 Gu\u00eda 2026<\/a><\/h3><div class=\"raven-post-excerpt\">Huellas dactilares del FBI para ciudadanos estadounidenses residentes en el Reino Unido: Gu\u00eda completa 2026 para Inglaterra, Escocia<\/div><\/div><\/div><\/div><\/div><\/div><div class=\"raven-posts-item raven-grid-item  \"><div class=\"raven-post-wrapper \"><div class=\"raven-post  \"><div class=\"raven-post-image-wrap\"><a class=\"raven-post-image raven-image-fit\" href=\"https:\/\/mrfingerprints.com\/es\/acelerar-las-verificaciones-de-antecedentes-del-fbi\/\"><div class='raven-posts-zoom-move-wrapper' style='background-image: url(https:\/\/mrfingerprints.com\/wp-content\/uploads\/2015\/11\/Expedite-FBI-Background-Checks.jpg)'><\/div> <img fetchpriority=\"high\" decoding=\"async\" width=\"1200\" height=\"800\" src=\"https:\/\/mrfingerprints.com\/wp-content\/uploads\/2015\/11\/Expedite-FBI-Background-Checks.jpg\" class=\"attachment-full size-full wp-image-8421\" alt=\"Acelerar las Verificaciones de Antecedentes del FBI\" srcset=\"https:\/\/mrfingerprints.com\/wp-content\/uploads\/2015\/11\/Expedite-FBI-Background-Checks.jpg 1200w, https:\/\/mrfingerprints.com\/wp-content\/uploads\/2015\/11\/Expedite-FBI-Background-Checks-300x200.jpg 300w, https:\/\/mrfingerprints.com\/wp-content\/uploads\/2015\/11\/Expedite-FBI-Background-Checks-1024x683.jpg 1024w, https:\/\/mrfingerprints.com\/wp-content\/uploads\/2015\/11\/Expedite-FBI-Background-Checks-768x512.jpg 768w\" sizes=\"(max-width: 1200px) 100vw, 1200px\" \/><span class=\"raven-post-image-overlay\"><\/span><\/a><\/div><div class=\"raven-post-content-container\"><div class=\"raven-post-content\" data-id=\"8423\"><h3 class=\"raven-post-title\"><a class=\"raven-post-title-link\" href=\"https:\/\/mrfingerprints.com\/es\/acelerar-las-verificaciones-de-antecedentes-del-fbi\/\">Acelerar las Verificaciones de Antecedentes del FBI<\/a><\/h3><div class=\"raven-post-excerpt\">Acelere las Verificaciones de Antecedentes del FBI en el Centro de Los \u00c1ngeles: Gu\u00eda Completa. Si necesita agilizar<\/div><\/div><\/div><\/div><\/div><\/div><div class=\"raven-posts-item raven-grid-item  \"><div class=\"raven-post-wrapper \"><div class=\"raven-post  \"><div class=\"raven-post-image-wrap\"><a class=\"raven-post-image raven-image-fit\" href=\"https:\/\/mrfingerprints.com\/es\/descifrando-su-verificacion-de-antecedentes-del-fbi-una-guia-sencilla\/\"><div class='raven-posts-zoom-move-wrapper' style='background-image: url(https:\/\/mrfingerprints.com\/wp-content\/uploads\/2024\/08\/FBI-background-check.jpeg)'><\/div> <img decoding=\"async\" width=\"1024\" height=\"512\" src=\"https:\/\/mrfingerprints.com\/wp-content\/uploads\/2024\/08\/FBI-background-check.jpeg\" class=\"attachment-full size-full wp-image-8379\" alt=\"Verificaci\u00f3n de antecedentes del FBI\" srcset=\"https:\/\/mrfingerprints.com\/wp-content\/uploads\/2024\/08\/FBI-background-check.jpeg 1024w, https:\/\/mrfingerprints.com\/wp-content\/uploads\/2024\/08\/FBI-background-check-300x150.jpeg 300w, https:\/\/mrfingerprints.com\/wp-content\/uploads\/2024\/08\/FBI-background-check-768x384.jpeg 768w\" sizes=\"(max-width: 1024px) 100vw, 1024px\" \/><span class=\"raven-post-image-overlay\"><\/span><\/a><\/div><div class=\"raven-post-content-container\"><div class=\"raven-post-content\" data-id=\"8378\"><h3 class=\"raven-post-title\"><a class=\"raven-post-title-link\" href=\"https:\/\/mrfingerprints.com\/es\/descifrando-su-verificacion-de-antecedentes-del-fbi-una-guia-sencilla\/\">Descifrando su verificaci\u00f3n de antecedentes del FBI: una gu\u00eda sencilla<\/a><\/h3><div class=\"raven-post-excerpt\">Descifrando su verificaci\u00f3n de antecedentes del FBI: una gu\u00eda sencilla Verificaciones de antecedentes del FBI: Descifrando el proceso<\/div><\/div><\/div><\/div><\/div><\/div><div class=\"raven-posts-item raven-grid-item  \"><div class=\"raven-post-wrapper \"><div class=\"raven-post  \"><div class=\"raven-post-image-wrap\"><a class=\"raven-post-image raven-image-fit\" href=\"https:\/\/mrfingerprints.com\/es\/verificaciones-de-antecedentes-del-fbi-aceleradas-en-los-angeles\/\"><div class='raven-posts-zoom-move-wrapper' style='background-image: url(https:\/\/mrfingerprints.com\/wp-content\/uploads\/2015\/09\/Fingerprinting-in-Los-Angeles.jpg)'><\/div> <img decoding=\"async\" width=\"260\" height=\"149\" src=\"https:\/\/mrfingerprints.com\/wp-content\/uploads\/2015\/09\/Fingerprinting-in-Los-Angeles.jpg\" class=\"attachment-full size-full wp-image-6884\" alt=\"Toma de huellas dactilares en Los \u00c1ngeles\" srcset=\"https:\/\/mrfingerprints.com\/wp-content\/uploads\/2015\/09\/Fingerprinting-in-Los-Angeles.jpg 260w, https:\/\/mrfingerprints.com\/wp-content\/uploads\/2015\/09\/Fingerprinting-in-Los-Angeles-50x29.jpg 50w\" sizes=\"(max-width: 260px) 100vw, 260px\" \/><span class=\"raven-post-image-overlay\"><\/span><\/a><\/div><div class=\"raven-post-content-container\"><div class=\"raven-post-content\" data-id=\"8328\"><h3 class=\"raven-post-title\"><a class=\"raven-post-title-link\" href=\"https:\/\/mrfingerprints.com\/es\/verificaciones-de-antecedentes-del-fbi-aceleradas-en-los-angeles\/\">Verificaciones de Antecedentes del FBI Aceleradas en Los \u00c1ngeles<\/a><\/h3><div class=\"raven-post-excerpt\">FBI Expedited Background Checks in Los Angeles: Your Fastest Path to Official Records Verificaciones de Antecedentes del FBI<\/div><\/div><\/div><\/div><\/div><\/div>\t\t\t<\/div>\n\t\t\t<span class=\"raven-infinite-load\"><\/span>\t\t<\/div>\n\t\t\t\t\t\t<\/div>\n\t\t\t\t<\/div>\n\t\t\t\t\t<\/div>\n\t\t\t\t<\/div>\n\t\t\t\t<\/div>\n\t\t","protected":false},"excerpt":{"rendered":"<p>California Bar Exam Fingerprinting: Live Scan Guide for Law Students (2026) &nbsp; Frequently Asked Questions When should I get fingerprinted for the California bar exam? Fingerprinting is required for Why Live Scan Fingerprinting is Important for the Healthcare Industry Live Scan Fingerprinting for Healthcare Workers in California: Board Requirements &amp; 2026 Guide If you are [&hellip;]<\/p>\n","protected":false},"author":6,"featured_media":0,"parent":0,"menu_order":0,"comment_status":"closed","ping_status":"closed","template":"elementor_header_footer","meta":{"_acf_changed":false,"footnotes":""},"class_list":["post-9198","page","type-page","status-publish","hentry"],"acf":[],"yoast_head":"<!-- This site is optimized with the Yoast SEO plugin v27.2 - https:\/\/yoast.com\/product\/yoast-seo-wordpress\/ -->\n<title>Blog de noticias sobre servicios de toma de huellas dactilares - MR Fingerprints Los \u00c1ngeles<\/title>\n<meta name=\"description\" content=\"Blog de noticias sobre la toma de huellas dactilares en Los \u00c1ngeles y Rancho Cucamonga. Reg\u00edstrese o mant\u00e9ngase en contacto y obtenga m\u00e1s informaci\u00f3n sobre nuestra empresa.\" \/>\n<meta name=\"robots\" content=\"index, follow, max-snippet:-1, max-image-preview:large, max-video-preview:-1\" \/>\n<link rel=\"canonical\" href=\"https:\/\/mrfingerprints.com\/es\/blog-de-noticias-sobre-toma-de-huellas-dactilares\/\" \/>\n<meta property=\"og:locale\" content=\"es_ES\" \/>\n<meta property=\"og:type\" content=\"article\" \/>\n<meta property=\"og:title\" content=\"Blog de noticias sobre servicios de toma de huellas dactilares - MR Fingerprints Los \u00c1ngeles\" \/>\n<meta property=\"og:description\" content=\"Blog de noticias sobre la toma de huellas dactilares en Los \u00c1ngeles y Rancho Cucamonga. Reg\u00edstrese o mant\u00e9ngase en contacto y obtenga m\u00e1s informaci\u00f3n sobre nuestra empresa.\" \/>\n<meta property=\"og:url\" content=\"https:\/\/mrfingerprints.com\/es\/blog-de-noticias-sobre-toma-de-huellas-dactilares\/\" \/>\n<meta property=\"og:site_name\" content=\"MR Fingerprints\" \/>\n<meta property=\"article:publisher\" content=\"https:\/\/www.facebook.com\/MR-Fingerprints-680019605478119\/\" \/>\n<meta property=\"article:modified_time\" content=\"2026-03-20T19:36:18+00:00\" \/>\n<meta property=\"og:image\" content=\"https:\/\/mrfingerprints.com\/wp-content\/uploads\/2024\/07\/mr-fingerprint-open-graph-logo.png\" \/>\n\t<meta property=\"og:image:width\" content=\"1200\" \/>\n\t<meta property=\"og:image:height\" content=\"675\" \/>\n\t<meta property=\"og:image:type\" content=\"image\/png\" \/>\n<meta name=\"twitter:card\" content=\"summary_large_image\" \/>\n<meta name=\"twitter:label1\" content=\"Tiempo de lectura\" \/>\n\t<meta name=\"twitter:data1\" content=\"1 minuto\" \/>\n<script type=\"application\/ld+json\" class=\"yoast-schema-graph\">{\"@context\":\"https:\/\/schema.org\",\"@graph\":[{\"@type\":\"WebPage\",\"@id\":\"https:\/\/mrfingerprints.com\/es\/blog-de-noticias-sobre-toma-de-huellas-dactilares\/\",\"url\":\"https:\/\/mrfingerprints.com\/es\/blog-de-noticias-sobre-toma-de-huellas-dactilares\/\",\"name\":\"Blog de noticias sobre servicios de toma de huellas dactilares - MR Fingerprints Los \u00c1ngeles\",\"isPartOf\":{\"@id\":\"https:\/\/mrfingerprints.com\/es\/#website\"},\"datePublished\":\"2026-03-20T19:36:17+00:00\",\"dateModified\":\"2026-03-20T19:36:18+00:00\",\"description\":\"Blog de noticias sobre la toma de huellas dactilares en Los \u00c1ngeles y Rancho Cucamonga. Reg\u00edstrese o mant\u00e9ngase en contacto y obtenga m\u00e1s informaci\u00f3n sobre nuestra empresa.\",\"breadcrumb\":{\"@id\":\"https:\/\/mrfingerprints.com\/es\/blog-de-noticias-sobre-toma-de-huellas-dactilares\/#breadcrumb\"},\"inLanguage\":\"es\",\"potentialAction\":[{\"@type\":\"ReadAction\",\"target\":[\"https:\/\/mrfingerprints.com\/es\/blog-de-noticias-sobre-toma-de-huellas-dactilares\/\"]}]},{\"@type\":\"BreadcrumbList\",\"@id\":\"https:\/\/mrfingerprints.com\/es\/blog-de-noticias-sobre-toma-de-huellas-dactilares\/#breadcrumb\",\"itemListElement\":[{\"@type\":\"ListItem\",\"position\":1,\"name\":\"Home\",\"item\":\"https:\/\/mrfingerprints.com\/es\/inicio\/\"},{\"@type\":\"ListItem\",\"position\":2,\"name\":\"Blog de noticias sobre toma de huellas dactilares\"}]},{\"@type\":\"WebSite\",\"@id\":\"https:\/\/mrfingerprints.com\/es\/#website\",\"url\":\"https:\/\/mrfingerprints.com\/es\/\",\"name\":\"MR. Fingerprints\",\"description\":\"The Fastest Fingerprinting Services in Los Angeles and Rancho Cucamonga\",\"publisher\":{\"@id\":\"https:\/\/mrfingerprints.com\/es\/#organization\"},\"potentialAction\":[{\"@type\":\"SearchAction\",\"target\":{\"@type\":\"EntryPoint\",\"urlTemplate\":\"https:\/\/mrfingerprints.com\/es\/?s={search_term_string}\"},\"query-input\":{\"@type\":\"PropertyValueSpecification\",\"valueRequired\":true,\"valueName\":\"search_term_string\"}}],\"inLanguage\":\"es\"},{\"@type\":\"Organization\",\"@id\":\"https:\/\/mrfingerprints.com\/es\/#organization\",\"name\":\"MR. Fingerprints\",\"url\":\"https:\/\/mrfingerprints.com\/es\/\",\"logo\":{\"@type\":\"ImageObject\",\"inLanguage\":\"es\",\"@id\":\"https:\/\/mrfingerprints.com\/es\/#\/schema\/logo\/image\/\",\"url\":\"https:\/\/mrfingerprints.com\/wp-content\/uploads\/2024\/04\/new-updated-logo.png\",\"contentUrl\":\"https:\/\/mrfingerprints.com\/wp-content\/uploads\/2024\/04\/new-updated-logo.png\",\"width\":533,\"height\":106,\"caption\":\"MR. Fingerprints\"},\"image\":{\"@id\":\"https:\/\/mrfingerprints.com\/es\/#\/schema\/logo\/image\/\"},\"sameAs\":[\"https:\/\/www.facebook.com\/MR-Fingerprints-680019605478119\/\",\"http:\/\/instagram.com\/mrfingerprints1\/\",\"https:\/\/www.youtube.com\/channel\/UCKNi6bNBqQAIrUPceU4R29g\"]}]}<\/script>\n<!-- \/ Yoast SEO plugin. -->","yoast_head_json":{"title":"Blog de noticias sobre servicios de toma de huellas dactilares - MR Fingerprints Los \u00c1ngeles","description":"Blog de noticias sobre la toma de huellas dactilares en Los \u00c1ngeles y Rancho Cucamonga. Reg\u00edstrese o mant\u00e9ngase en contacto y obtenga m\u00e1s informaci\u00f3n sobre nuestra empresa.","robots":{"index":"index","follow":"follow","max-snippet":"max-snippet:-1","max-image-preview":"max-image-preview:large","max-video-preview":"max-video-preview:-1"},"canonical":"https:\/\/mrfingerprints.com\/es\/blog-de-noticias-sobre-toma-de-huellas-dactilares\/","og_locale":"es_ES","og_type":"article","og_title":"Blog de noticias sobre servicios de toma de huellas dactilares - MR Fingerprints Los \u00c1ngeles","og_description":"Blog de noticias sobre la toma de huellas dactilares en Los \u00c1ngeles y Rancho Cucamonga. Reg\u00edstrese o mant\u00e9ngase en contacto y obtenga m\u00e1s informaci\u00f3n sobre nuestra empresa.","og_url":"https:\/\/mrfingerprints.com\/es\/blog-de-noticias-sobre-toma-de-huellas-dactilares\/","og_site_name":"MR Fingerprints","article_publisher":"https:\/\/www.facebook.com\/MR-Fingerprints-680019605478119\/","article_modified_time":"2026-03-20T19:36:18+00:00","og_image":[{"width":1200,"height":675,"url":"https:\/\/mrfingerprints.com\/wp-content\/uploads\/2024\/07\/mr-fingerprint-open-graph-logo.png","type":"image\/png"}],"twitter_card":"summary_large_image","twitter_misc":{"Tiempo de lectura":"1 minuto"},"schema":{"@context":"https:\/\/schema.org","@graph":[{"@type":"WebPage","@id":"https:\/\/mrfingerprints.com\/es\/blog-de-noticias-sobre-toma-de-huellas-dactilares\/","url":"https:\/\/mrfingerprints.com\/es\/blog-de-noticias-sobre-toma-de-huellas-dactilares\/","name":"Blog de noticias sobre servicios de toma de huellas dactilares - MR Fingerprints Los \u00c1ngeles","isPartOf":{"@id":"https:\/\/mrfingerprints.com\/es\/#website"},"datePublished":"2026-03-20T19:36:17+00:00","dateModified":"2026-03-20T19:36:18+00:00","description":"Blog de noticias sobre la toma de huellas dactilares en Los \u00c1ngeles y Rancho Cucamonga. Reg\u00edstrese o mant\u00e9ngase en contacto y obtenga m\u00e1s informaci\u00f3n sobre nuestra empresa.","breadcrumb":{"@id":"https:\/\/mrfingerprints.com\/es\/blog-de-noticias-sobre-toma-de-huellas-dactilares\/#breadcrumb"},"inLanguage":"es","potentialAction":[{"@type":"ReadAction","target":["https:\/\/mrfingerprints.com\/es\/blog-de-noticias-sobre-toma-de-huellas-dactilares\/"]}]},{"@type":"BreadcrumbList","@id":"https:\/\/mrfingerprints.com\/es\/blog-de-noticias-sobre-toma-de-huellas-dactilares\/#breadcrumb","itemListElement":[{"@type":"ListItem","position":1,"name":"Home","item":"https:\/\/mrfingerprints.com\/es\/inicio\/"},{"@type":"ListItem","position":2,"name":"Blog de noticias sobre toma de huellas dactilares"}]},{"@type":"WebSite","@id":"https:\/\/mrfingerprints.com\/es\/#website","url":"https:\/\/mrfingerprints.com\/es\/","name":"MR. Fingerprints","description":"The Fastest Fingerprinting Services in Los Angeles and Rancho Cucamonga","publisher":{"@id":"https:\/\/mrfingerprints.com\/es\/#organization"},"potentialAction":[{"@type":"SearchAction","target":{"@type":"EntryPoint","urlTemplate":"https:\/\/mrfingerprints.com\/es\/?s={search_term_string}"},"query-input":{"@type":"PropertyValueSpecification","valueRequired":true,"valueName":"search_term_string"}}],"inLanguage":"es"},{"@type":"Organization","@id":"https:\/\/mrfingerprints.com\/es\/#organization","name":"MR. Fingerprints","url":"https:\/\/mrfingerprints.com\/es\/","logo":{"@type":"ImageObject","inLanguage":"es","@id":"https:\/\/mrfingerprints.com\/es\/#\/schema\/logo\/image\/","url":"https:\/\/mrfingerprints.com\/wp-content\/uploads\/2024\/04\/new-updated-logo.png","contentUrl":"https:\/\/mrfingerprints.com\/wp-content\/uploads\/2024\/04\/new-updated-logo.png","width":533,"height":106,"caption":"MR. Fingerprints"},"image":{"@id":"https:\/\/mrfingerprints.com\/es\/#\/schema\/logo\/image\/"},"sameAs":["https:\/\/www.facebook.com\/MR-Fingerprints-680019605478119\/","http:\/\/instagram.com\/mrfingerprints1\/","https:\/\/www.youtube.com\/channel\/UCKNi6bNBqQAIrUPceU4R29g"]}]}},"_links":{"self":[{"href":"https:\/\/mrfingerprints.com\/es\/wp-json\/wp\/v2\/pages\/9198","targetHints":{"allow":["GET"]}}],"collection":[{"href":"https:\/\/mrfingerprints.com\/es\/wp-json\/wp\/v2\/pages"}],"about":[{"href":"https:\/\/mrfingerprints.com\/es\/wp-json\/wp\/v2\/types\/page"}],"author":[{"embeddable":true,"href":"https:\/\/mrfingerprints.com\/es\/wp-json\/wp\/v2\/users\/6"}],"replies":[{"embeddable":true,"href":"https:\/\/mrfingerprints.com\/es\/wp-json\/wp\/v2\/comments?post=9198"}],"version-history":[{"count":0,"href":"https:\/\/mrfingerprints.com\/es\/wp-json\/wp\/v2\/pages\/9198\/revisions"}],"wp:attachment":[{"href":"https:\/\/mrfingerprints.com\/es\/wp-json\/wp\/v2\/media?parent=9198"}],"curies":[{"name":"wp","href":"https:\/\/api.w.org\/{rel}","templated":true}]}}