{"id":9201,"date":"2026-03-20T12:36:25","date_gmt":"2026-03-20T19:36:25","guid":{"rendered":"https:\/\/mrfingerprints.com\/reserve-su-cita\/"},"modified":"2026-03-20T12:36:28","modified_gmt":"2026-03-20T19:36:28","slug":"reserve-su-cita","status":"publish","type":"page","link":"https:\/\/mrfingerprints.com\/es\/reserve-su-cita\/","title":{"rendered":"Reserve su cita"},"content":{"rendered":"\t\t<div data-elementor-type=\"wp-page\" data-elementor-id=\"9201\" class=\"elementor elementor-9201 elementor-3447\" data-elementor-post-type=\"page\">\n\t\t\t\t\t\t<section class=\"elementor-section elementor-top-section elementor-element elementor-element-73de2fc elementor-section-content-middle elementor-section-boxed elementor-section-height-default elementor-section-height-default\" data-id=\"73de2fc\" data-element_type=\"section\" data-e-type=\"section\" data-settings=\"{&quot;background_background&quot;:&quot;classic&quot;}\">\n\t\t\t\t\t\t\t<div class=\"elementor-background-overlay\"><\/div>\n\t\t\t\t\t\t\t<div class=\"elementor-container elementor-column-gap-default\">\n\t\t\t\t\t<div class=\"elementor-column elementor-col-100 elementor-top-column elementor-element elementor-element-2ca375f\" data-id=\"2ca375f\" data-element_type=\"column\" data-e-type=\"column\">\n\t\t\t<div class=\"elementor-widget-wrap elementor-element-populated\">\n\t\t\t\t\t\t<div class=\"elementor-element elementor-element-a8efffe elementor-widget elementor-widget-heading\" data-id=\"a8efffe\" data-element_type=\"widget\" data-e-type=\"widget\" data-widget_type=\"heading.default\">\n\t\t\t\t<div class=\"elementor-widget-container\">\n\t\t\t\t\t<h2 class=\"elementor-heading-title elementor-size-default\">Reserve su cita hoy mismo<\/h2>\t\t\t\t<\/div>\n\t\t\t\t<\/div>\n\t\t\t\t<div class=\"elementor-element elementor-element-2538af4 elementor-icon-list--layout-inline elementor-align-center elementor-mobile-align-center elementor-list-item-link-full_width elementor-widget elementor-widget-icon-list\" data-id=\"2538af4\" data-element_type=\"widget\" data-e-type=\"widget\" data-widget_type=\"icon-list.default\">\n\t\t\t\t<div class=\"elementor-widget-container\">\n\t\t\t\t\t\t\t<ul class=\"elementor-icon-list-items elementor-inline-items\">\n\t\t\t\t\t\t\t<li class=\"elementor-icon-list-item elementor-inline-item\">\n\t\t\t\t\t\t\t\t\t\t<span class=\"elementor-icon-list-text\">Inicio<\/span>\n\t\t\t\t\t\t\t\t\t<\/li>\n\t\t\t\t\t\t\t\t<li class=\"elementor-icon-list-item elementor-inline-item\">\n\t\t\t\t\t\t\t\t\t\t\t<span class=\"elementor-icon-list-icon\">\n\t\t\t\t\t\t\t<svg aria-hidden=\"true\" class=\"e-font-icon-svg e-fas-chevron-right\" viewBox=\"0 0 320 512\" xmlns=\"http:\/\/www.w3.org\/2000\/svg\"><path d=\"M285.476 272.971L91.132 467.314c-9.373 9.373-24.569 9.373-33.941 0l-22.667-22.667c-9.357-9.357-9.375-24.522-.04-33.901L188.505 256 34.484 101.255c-9.335-9.379-9.317-24.544.04-33.901l22.667-22.667c9.373-9.373 24.569-9.373 33.941 0L285.475 239.03c9.373 9.372 9.373 24.568.001 33.941z\"><\/path><\/svg>\t\t\t\t\t\t<\/span>\n\t\t\t\t\t\t\t\t\t\t<span class=\"elementor-icon-list-text\">Reserve su cita<\/span>\n\t\t\t\t\t\t\t\t\t<\/li>\n\t\t\t\t\t\t<\/ul>\n\t\t\t\t\t\t<\/div>\n\t\t\t\t<\/div>\n\t\t\t\t\t<\/div>\n\t\t<\/div>\n\t\t\t\t\t<\/div>\n\t\t<\/section>\n\t\t\t\t<section class=\"elementor-section elementor-top-section elementor-element elementor-element-5533184 elementor-section-boxed elementor-section-height-default elementor-section-height-default\" data-id=\"5533184\" data-element_type=\"section\" data-e-type=\"section\" data-settings=\"{&quot;background_background&quot;:&quot;classic&quot;}\">\n\t\t\t\t\t\t<div class=\"elementor-container elementor-column-gap-wider\">\n\t\t\t\t\t<div class=\"elementor-column elementor-col-100 elementor-top-column elementor-element elementor-element-75facef\" data-id=\"75facef\" data-element_type=\"column\" data-e-type=\"column\">\n\t\t\t<div class=\"elementor-widget-wrap elementor-element-populated\">\n\t\t\t\t\t\t<div class=\"elementor-element elementor-element-4bb6bb1 elementor-widget elementor-widget-heading\" data-id=\"4bb6bb1\" data-element_type=\"widget\" data-e-type=\"widget\" data-widget_type=\"heading.default\">\n\t\t\t\t<div class=\"elementor-widget-container\">\n\t\t\t\t\t<h2 class=\"elementor-heading-title elementor-size-default\">Centro de Los \u00c1ngeles<\/h2>\t\t\t\t<\/div>\n\t\t\t\t<\/div>\n\t\t\t\t<div class=\"elementor-element elementor-element-7bcfd07 elementor-widget elementor-widget-html\" data-id=\"7bcfd07\" data-element_type=\"widget\" data-e-type=\"widget\" data-widget_type=\"html.default\">\n\t\t\t\t<div class=\"elementor-widget-container\">\n\t\t\t\t\t<!-- Calendly inline widget begin -->\r\n<div class=\"calendly-inline-widget\" data-url=\"https:\/\/calendly.com\/mauricior\/15min\" style=\"min-width:320px;height:800px;\"><\/div>\r\n<script type=\"text\/javascript\" src=\"https:\/\/assets.calendly.com\/assets\/external\/widget.js\" async=\"\"><\/script>\r\n<!-- Calendly inline widget end -->\t\t\t\t<\/div>\n\t\t\t\t<\/div>\n\t\t\t\t\t<\/div>\n\t\t<\/div>\n\t\t\t\t\t<\/div>\n\t\t<\/section>\n\t\t\t\t<section class=\"elementor-section elementor-top-section elementor-element elementor-element-b41ec2a elementor-section-boxed elementor-section-height-default elementor-section-height-default\" data-id=\"b41ec2a\" data-element_type=\"section\" data-e-type=\"section\" data-settings=\"{&quot;background_background&quot;:&quot;classic&quot;}\">\n\t\t\t\t\t\t<div class=\"elementor-container elementor-column-gap-default\">\n\t\t\t\t\t<div class=\"elementor-column elementor-col-100 elementor-top-column elementor-element elementor-element-7e2a00d\" data-id=\"7e2a00d\" data-element_type=\"column\" data-e-type=\"column\">\n\t\t\t<div class=\"elementor-widget-wrap elementor-element-populated\">\n\t\t\t\t\t\t<div class=\"elementor-element elementor-element-3a4485e elementor-widget elementor-widget-heading\" data-id=\"3a4485e\" data-element_type=\"widget\" data-e-type=\"widget\" data-widget_type=\"heading.default\">\n\t\t\t\t<div class=\"elementor-widget-container\">\n\t\t\t\t\t<h5 class=\"elementor-heading-title elementor-size-default\">MR Fingerprints se encuentra en el coraz\u00f3n del centro de Los \u00c1ngeles<\/h5>\t\t\t\t<\/div>\n\t\t\t\t<\/div>\n\t\t\t\t<div class=\"elementor-element elementor-element-3d45fef animated-slow elementor-invisible elementor-widget elementor-widget-heading\" data-id=\"3d45fef\" data-element_type=\"widget\" data-e-type=\"widget\" data-settings=\"{&quot;_animation&quot;:&quot;fadeInDown&quot;}\" data-widget_type=\"heading.default\">\n\t\t\t\t<div class=\"elementor-widget-container\">\n\t\t\t\t\t<h2 class=\"elementor-heading-title elementor-size-default\">Ofreciendo un servicio de calidad durante m\u00e1s de 10 a\u00f1os<\/h2>\t\t\t\t<\/div>\n\t\t\t\t<\/div>\n\t\t\t\t<section class=\"elementor-section elementor-inner-section elementor-element elementor-element-2ee8615 elementor-section-boxed elementor-section-height-default elementor-section-height-default\" data-id=\"2ee8615\" data-element_type=\"section\" data-e-type=\"section\">\n\t\t\t\t\t\t<div class=\"elementor-container elementor-column-gap-default\">\n\t\t\t\t\t<div class=\"elementor-column elementor-col-100 elementor-inner-column elementor-element elementor-element-85f6a22\" data-id=\"85f6a22\" data-element_type=\"column\" data-e-type=\"column\">\n\t\t\t<div class=\"elementor-widget-wrap elementor-element-populated\">\n\t\t\t\t<div class=\"elementor-element elementor-element-9a2f206 e-grid e-con-boxed elementor-invisible e-con e-parent\" data-id=\"9a2f206\" data-element_type=\"container\" data-e-type=\"container\" data-settings=\"{&quot;background_background&quot;:&quot;classic&quot;,&quot;animation&quot;:&quot;slideInRight&quot;}\">\n\t\t\t\t\t<div class=\"e-con-inner\">\n\t\t\t\t<div class=\"elementor-element elementor-element-fa64efc elementor-widget elementor-widget-counter\" data-id=\"fa64efc\" data-element_type=\"widget\" data-e-type=\"widget\" data-widget_type=\"counter.default\">\n\t\t\t\t<div class=\"elementor-widget-container\">\n\t\t\t\t\t\t\t<div class=\"elementor-counter\">\n\t\t\t<div class=\"elementor-counter-title\">Live Scans<\/div>\t\t\t<div class=\"elementor-counter-number-wrapper\">\n\t\t\t\t<span class=\"elementor-counter-number-prefix\"><\/span>\n\t\t\t\t<span class=\"elementor-counter-number\" data-duration=\"2000\" data-to-value=\"113327\" data-from-value=\"0\" data-delimiter=\",\">0<\/span>\n\t\t\t\t<span class=\"elementor-counter-number-suffix\"><\/span>\n\t\t\t<\/div>\n\t\t<\/div>\n\t\t\t\t\t\t<\/div>\n\t\t\t\t<\/div>\n\t\t\t\t<div class=\"elementor-element elementor-element-737d5a2 elementor-widget elementor-widget-counter\" data-id=\"737d5a2\" data-element_type=\"widget\" data-e-type=\"widget\" data-widget_type=\"counter.default\">\n\t\t\t\t<div class=\"elementor-widget-container\">\n\t\t\t\t\t\t\t<div class=\"elementor-counter\">\n\t\t\t<div class=\"elementor-counter-title\">Antecedentes del FBI<\/div>\t\t\t<div class=\"elementor-counter-number-wrapper\">\n\t\t\t\t<span class=\"elementor-counter-number-prefix\"><\/span>\n\t\t\t\t<span class=\"elementor-counter-number\" data-duration=\"2000\" data-to-value=\"15648\" data-from-value=\"0\" data-delimiter=\",\">0<\/span>\n\t\t\t\t<span class=\"elementor-counter-number-suffix\"><\/span>\n\t\t\t<\/div>\n\t\t<\/div>\n\t\t\t\t\t\t<\/div>\n\t\t\t\t<\/div>\n\t\t\t\t<div class=\"elementor-element elementor-element-de2c82a elementor-widget elementor-widget-counter\" data-id=\"de2c82a\" data-element_type=\"widget\" data-e-type=\"widget\" data-widget_type=\"counter.default\">\n\t\t\t\t<div class=\"elementor-widget-container\">\n\t\t\t\t\t\t\t<div class=\"elementor-counter\">\n\t\t\t<div class=\"elementor-counter-title\">Bufetes de abogados asistidos<\/div>\t\t\t<div class=\"elementor-counter-number-wrapper\">\n\t\t\t\t<span class=\"elementor-counter-number-prefix\"><\/span>\n\t\t\t\t<span class=\"elementor-counter-number\" data-duration=\"2000\" data-to-value=\"1675\" data-from-value=\"0\" data-delimiter=\",\">0<\/span>\n\t\t\t\t<span class=\"elementor-counter-number-suffix\"><\/span>\n\t\t\t<\/div>\n\t\t<\/div>\n\t\t\t\t\t\t<\/div>\n\t\t\t\t<\/div>\n\t\t\t\t\t<\/div>\n\t\t\t\t<\/div>\n\t\t\t\t\t<\/div>\n\t\t<\/div>\n\t\t\t\t\t<\/div>\n\t\t<\/section>\n\t\t\t\t\t<\/div>\n\t\t<\/div>\n\t\t\t\t\t<\/div>\n\t\t<\/section>\n\t\t\t\t<\/div>\n\t\t","protected":false},"excerpt":{"rendered":"<p>Reserve su cita hoy mismo Inicio Reserve su cita Centro de Los \u00c1ngeles MR Fingerprints se encuentra en el coraz\u00f3n del centro de Los \u00c1ngeles Ofreciendo un servicio de calidad durante m\u00e1s de 10 a\u00f1os Live Scans 0 Antecedentes del FBI 0 Bufetes de abogados asistidos 0<\/p>\n","protected":false},"author":6,"featured_media":0,"parent":0,"menu_order":0,"comment_status":"closed","ping_status":"closed","template":"elementor_header_footer","meta":{"_acf_changed":false,"footnotes":""},"class_list":["post-9201","page","type-page","status-publish","hentry"],"acf":[],"yoast_head":"<!-- This site is optimized with the Yoast SEO plugin v27.2 - https:\/\/yoast.com\/product\/yoast-seo-wordpress\/ -->\n<title>Huellas dactilares, comprobaci\u00f3n de antecedentes y notar\u00eda en Los \u00c1ngeles<\/title>\n<meta name=\"description\" content=\"Solicite una cita para servicios de huellas dactilares mediante Live Scan, huellas dactilares m\u00f3viles las 24 horas, notar\u00eda y comprobaci\u00f3n de antecedentes en el centro de Los \u00c1ngeles.\" \/>\n<meta name=\"robots\" content=\"index, follow, max-snippet:-1, max-image-preview:large, max-video-preview:-1\" \/>\n<link rel=\"canonical\" href=\"https:\/\/mrfingerprints.com\/es\/reserve-su-cita\/\" \/>\n<meta property=\"og:locale\" content=\"es_ES\" \/>\n<meta property=\"og:type\" content=\"article\" \/>\n<meta property=\"og:title\" content=\"Huellas dactilares, comprobaci\u00f3n de antecedentes y notar\u00eda en Los \u00c1ngeles\" \/>\n<meta property=\"og:description\" content=\"Solicite una cita para servicios de huellas dactilares mediante Live Scan, huellas dactilares m\u00f3viles las 24 horas, notar\u00eda y comprobaci\u00f3n de antecedentes en el centro de Los \u00c1ngeles.\" \/>\n<meta property=\"og:url\" content=\"https:\/\/mrfingerprints.com\/es\/reserve-su-cita\/\" \/>\n<meta property=\"og:site_name\" content=\"MR Fingerprints\" \/>\n<meta property=\"article:publisher\" content=\"https:\/\/www.facebook.com\/MR-Fingerprints-680019605478119\/\" \/>\n<meta property=\"article:modified_time\" content=\"2026-03-20T19:36:28+00:00\" \/>\n<meta property=\"og:image\" content=\"https:\/\/mrfingerprints.com\/wp-content\/uploads\/2024\/07\/mr-fingerprint-open-graph-logo.png\" \/>\n\t<meta property=\"og:image:width\" content=\"1200\" \/>\n\t<meta property=\"og:image:height\" content=\"675\" \/>\n\t<meta property=\"og:image:type\" content=\"image\/png\" \/>\n<meta name=\"twitter:card\" content=\"summary_large_image\" \/>\n<script type=\"application\/ld+json\" class=\"yoast-schema-graph\">{\"@context\":\"https:\/\/schema.org\",\"@graph\":[{\"@type\":\"WebPage\",\"@id\":\"https:\/\/mrfingerprints.com\/es\/reserve-su-cita\/\",\"url\":\"https:\/\/mrfingerprints.com\/es\/reserve-su-cita\/\",\"name\":\"Huellas dactilares, comprobaci\u00f3n de antecedentes y notar\u00eda en Los \u00c1ngeles\",\"isPartOf\":{\"@id\":\"https:\/\/mrfingerprints.com\/es\/#website\"},\"datePublished\":\"2026-03-20T19:36:25+00:00\",\"dateModified\":\"2026-03-20T19:36:28+00:00\",\"description\":\"Solicite una cita para servicios de huellas dactilares mediante Live Scan, huellas dactilares m\u00f3viles las 24 horas, notar\u00eda y comprobaci\u00f3n de antecedentes en el centro de Los \u00c1ngeles.\",\"breadcrumb\":{\"@id\":\"https:\/\/mrfingerprints.com\/es\/reserve-su-cita\/#breadcrumb\"},\"inLanguage\":\"es\",\"potentialAction\":[{\"@type\":\"ReadAction\",\"target\":[\"https:\/\/mrfingerprints.com\/es\/reserve-su-cita\/\"]}]},{\"@type\":\"BreadcrumbList\",\"@id\":\"https:\/\/mrfingerprints.com\/es\/reserve-su-cita\/#breadcrumb\",\"itemListElement\":[{\"@type\":\"ListItem\",\"position\":1,\"name\":\"Home\",\"item\":\"https:\/\/mrfingerprints.com\/es\/inicio\/\"},{\"@type\":\"ListItem\",\"position\":2,\"name\":\"Reserve su cita\"}]},{\"@type\":\"WebSite\",\"@id\":\"https:\/\/mrfingerprints.com\/es\/#website\",\"url\":\"https:\/\/mrfingerprints.com\/es\/\",\"name\":\"MR. Fingerprints\",\"description\":\"The Fastest Fingerprinting Services in Los Angeles and Rancho Cucamonga\",\"publisher\":{\"@id\":\"https:\/\/mrfingerprints.com\/es\/#organization\"},\"potentialAction\":[{\"@type\":\"SearchAction\",\"target\":{\"@type\":\"EntryPoint\",\"urlTemplate\":\"https:\/\/mrfingerprints.com\/es\/?s={search_term_string}\"},\"query-input\":{\"@type\":\"PropertyValueSpecification\",\"valueRequired\":true,\"valueName\":\"search_term_string\"}}],\"inLanguage\":\"es\"},{\"@type\":\"Organization\",\"@id\":\"https:\/\/mrfingerprints.com\/es\/#organization\",\"name\":\"MR. Fingerprints\",\"url\":\"https:\/\/mrfingerprints.com\/es\/\",\"logo\":{\"@type\":\"ImageObject\",\"inLanguage\":\"es\",\"@id\":\"https:\/\/mrfingerprints.com\/es\/#\/schema\/logo\/image\/\",\"url\":\"https:\/\/mrfingerprints.com\/wp-content\/uploads\/2024\/04\/new-updated-logo.png\",\"contentUrl\":\"https:\/\/mrfingerprints.com\/wp-content\/uploads\/2024\/04\/new-updated-logo.png\",\"width\":533,\"height\":106,\"caption\":\"MR. Fingerprints\"},\"image\":{\"@id\":\"https:\/\/mrfingerprints.com\/es\/#\/schema\/logo\/image\/\"},\"sameAs\":[\"https:\/\/www.facebook.com\/MR-Fingerprints-680019605478119\/\",\"http:\/\/instagram.com\/mrfingerprints1\/\",\"https:\/\/www.youtube.com\/channel\/UCKNi6bNBqQAIrUPceU4R29g\"]}]}<\/script>\n<!-- \/ Yoast SEO plugin. -->","yoast_head_json":{"title":"Huellas dactilares, comprobaci\u00f3n de antecedentes y notar\u00eda en Los \u00c1ngeles","description":"Solicite una cita para servicios de huellas dactilares mediante Live Scan, huellas dactilares m\u00f3viles las 24 horas, notar\u00eda y comprobaci\u00f3n de antecedentes en el centro de Los \u00c1ngeles.","robots":{"index":"index","follow":"follow","max-snippet":"max-snippet:-1","max-image-preview":"max-image-preview:large","max-video-preview":"max-video-preview:-1"},"canonical":"https:\/\/mrfingerprints.com\/es\/reserve-su-cita\/","og_locale":"es_ES","og_type":"article","og_title":"Huellas dactilares, comprobaci\u00f3n de antecedentes y notar\u00eda en Los \u00c1ngeles","og_description":"Solicite una cita para servicios de huellas dactilares mediante Live Scan, huellas dactilares m\u00f3viles las 24 horas, notar\u00eda y comprobaci\u00f3n de antecedentes en el centro de Los \u00c1ngeles.","og_url":"https:\/\/mrfingerprints.com\/es\/reserve-su-cita\/","og_site_name":"MR Fingerprints","article_publisher":"https:\/\/www.facebook.com\/MR-Fingerprints-680019605478119\/","article_modified_time":"2026-03-20T19:36:28+00:00","og_image":[{"width":1200,"height":675,"url":"https:\/\/mrfingerprints.com\/wp-content\/uploads\/2024\/07\/mr-fingerprint-open-graph-logo.png","type":"image\/png"}],"twitter_card":"summary_large_image","schema":{"@context":"https:\/\/schema.org","@graph":[{"@type":"WebPage","@id":"https:\/\/mrfingerprints.com\/es\/reserve-su-cita\/","url":"https:\/\/mrfingerprints.com\/es\/reserve-su-cita\/","name":"Huellas dactilares, comprobaci\u00f3n de antecedentes y notar\u00eda en Los \u00c1ngeles","isPartOf":{"@id":"https:\/\/mrfingerprints.com\/es\/#website"},"datePublished":"2026-03-20T19:36:25+00:00","dateModified":"2026-03-20T19:36:28+00:00","description":"Solicite una cita para servicios de huellas dactilares mediante Live Scan, huellas dactilares m\u00f3viles las 24 horas, notar\u00eda y comprobaci\u00f3n de antecedentes en el centro de Los \u00c1ngeles.","breadcrumb":{"@id":"https:\/\/mrfingerprints.com\/es\/reserve-su-cita\/#breadcrumb"},"inLanguage":"es","potentialAction":[{"@type":"ReadAction","target":["https:\/\/mrfingerprints.com\/es\/reserve-su-cita\/"]}]},{"@type":"BreadcrumbList","@id":"https:\/\/mrfingerprints.com\/es\/reserve-su-cita\/#breadcrumb","itemListElement":[{"@type":"ListItem","position":1,"name":"Home","item":"https:\/\/mrfingerprints.com\/es\/inicio\/"},{"@type":"ListItem","position":2,"name":"Reserve su cita"}]},{"@type":"WebSite","@id":"https:\/\/mrfingerprints.com\/es\/#website","url":"https:\/\/mrfingerprints.com\/es\/","name":"MR. Fingerprints","description":"The Fastest Fingerprinting Services in Los Angeles and Rancho Cucamonga","publisher":{"@id":"https:\/\/mrfingerprints.com\/es\/#organization"},"potentialAction":[{"@type":"SearchAction","target":{"@type":"EntryPoint","urlTemplate":"https:\/\/mrfingerprints.com\/es\/?s={search_term_string}"},"query-input":{"@type":"PropertyValueSpecification","valueRequired":true,"valueName":"search_term_string"}}],"inLanguage":"es"},{"@type":"Organization","@id":"https:\/\/mrfingerprints.com\/es\/#organization","name":"MR. Fingerprints","url":"https:\/\/mrfingerprints.com\/es\/","logo":{"@type":"ImageObject","inLanguage":"es","@id":"https:\/\/mrfingerprints.com\/es\/#\/schema\/logo\/image\/","url":"https:\/\/mrfingerprints.com\/wp-content\/uploads\/2024\/04\/new-updated-logo.png","contentUrl":"https:\/\/mrfingerprints.com\/wp-content\/uploads\/2024\/04\/new-updated-logo.png","width":533,"height":106,"caption":"MR. Fingerprints"},"image":{"@id":"https:\/\/mrfingerprints.com\/es\/#\/schema\/logo\/image\/"},"sameAs":["https:\/\/www.facebook.com\/MR-Fingerprints-680019605478119\/","http:\/\/instagram.com\/mrfingerprints1\/","https:\/\/www.youtube.com\/channel\/UCKNi6bNBqQAIrUPceU4R29g"]}]}},"_links":{"self":[{"href":"https:\/\/mrfingerprints.com\/es\/wp-json\/wp\/v2\/pages\/9201","targetHints":{"allow":["GET"]}}],"collection":[{"href":"https:\/\/mrfingerprints.com\/es\/wp-json\/wp\/v2\/pages"}],"about":[{"href":"https:\/\/mrfingerprints.com\/es\/wp-json\/wp\/v2\/types\/page"}],"author":[{"embeddable":true,"href":"https:\/\/mrfingerprints.com\/es\/wp-json\/wp\/v2\/users\/6"}],"replies":[{"embeddable":true,"href":"https:\/\/mrfingerprints.com\/es\/wp-json\/wp\/v2\/comments?post=9201"}],"version-history":[{"count":0,"href":"https:\/\/mrfingerprints.com\/es\/wp-json\/wp\/v2\/pages\/9201\/revisions"}],"wp:attachment":[{"href":"https:\/\/mrfingerprints.com\/es\/wp-json\/wp\/v2\/media?parent=9201"}],"curies":[{"name":"wp","href":"https:\/\/api.w.org\/{rel}","templated":true}]}}