{"id":9217,"date":"2026-03-20T12:36:37","date_gmt":"2026-03-20T19:36:37","guid":{"rendered":"https:\/\/mrfingerprints.com\/antecedentes-penales-por-internet\/"},"modified":"2026-03-20T12:36:37","modified_gmt":"2026-03-20T19:36:37","slug":"antecedentes-penales-por-internet","status":"publish","type":"page","link":"https:\/\/mrfingerprints.com\/es\/antecedentes-penales-por-internet\/","title":{"rendered":"Antecedentes penales por internet"},"content":{"rendered":"<h1>C\u00f3mo obtener mis antecedentes penales por internet<\/h1>\n<p>Uno de los servicios clave que ofrecemos es la Revisi\u00f3n de Expediente Personal del FBI (tambi\u00e9n conocido como Orden Departamental de los Estados Unidos 556-73). En MR Fingerprints, ofrecemos el servicio m\u00e1s r\u00e1pido del sector con la capacidad de entregar su informe del FBI en l\u00ednea. Los resultados de b\u00fasqueda habituales se entregan en cuesti\u00f3n de horas, no en d\u00edas o semanas. Puede revisar sus resultados de forma segura iniciando sesi\u00f3n correctamente con nuestro protocolo de autenticaci\u00f3n avanzada y utilizar los resultados para:   <\/p>\n<ul>\n<li>Solicitar una copia de su expediente de antecedentes penales del FBI para impugnar su contenido, revisar o corregir la informaci\u00f3n, y otros fines relacionados con los tribunales.<\/li>\n<li>Cumplir con los requisitos para vivir, trabajar o viajar en un pa\u00eds extranjero.<\/li>\n<li>Adopci\u00f3n de un ni\u00f1o (algunos estados requieren verificaciones estatales espec\u00edficas o locales).<\/li>\n<li>Env\u00edo de resultados directamente a su abogado para su revisi\u00f3n, con el fin de asegurar una representaci\u00f3n legal justa y precisa.<\/li>\n<\/ul>\n<p>La Informaci\u00f3n de Antecedentes Penales del FBI (CHRI, por sus siglas en ingl\u00e9s), tambi\u00e9n conocida como \u00abhoja de antecedentes\u00bb, contiene informaci\u00f3n sobre detenciones, condenas y sentencias de los 50 estados de EE. UU., el Distrito de Columbia y los territorios estadounidenses de Puerto Rico, Guam e Islas V\u00edrgenes.<\/p>\n<ul>\n<li>Su informe CHRI incluye fechas de registro, nombres y alias asociados con arrestos, cargos de detenci\u00f3n, disposiciones de detenci\u00f3n (si est\u00e1n disponibles), la autoridad que aport\u00f3 el registro al FBI e informaci\u00f3n relacionada con el servicio militar, la naturalizaci\u00f3n o el empleo federal.<\/li>\n<li>Los resultados suelen estar disponibles en un plazo de 24 horas en la secci\u00f3n de Historial de este sitio web.<\/li>\n<li>Este servicio solo est\u00e1 disponible para personas que sean ciudadanos estadounidenses o residentes legales permanentes (tambi\u00e9n conocidos como \u00abextranjero residente permanente\u00bb, \u00abtitular de permiso de residencia extranjero\u00bb o \u00abtitular de la tarjeta verde\u00bb).<\/li>\n<li>Debe traer dos formas de identificaci\u00f3n con fotograf\u00eda a su cita en el Centro de Servicio de LiveScan. Al menos una de ellas debe ser una identificaci\u00f3n con foto emitida por el gobierno (por ejemplo, licencia de conducir, identificaci\u00f3n estatal, identificaci\u00f3n militar o pasaporte). <\/li>\n<li>El informe del FBI \/ CHRI \/ los resultados se eliminan de nuestro servidor despu\u00e9s de 30 d\u00edas. Puede imprimir los resultados antes de su eliminaci\u00f3n para sus registros. <\/li>\n<\/ul>\n<h2>Quiero obtener mis antecedentes penales por internet<\/h2>\n<h3>Antecedentes penales por internet<\/h3>\n<p>Las verificaciones de antecedentes se pueden utilizar para:<\/p>\n<ul>\n<li>Selecci\u00f3n de personal<\/li>\n<li>Verificaci\u00f3n de c\u00f3nyuge<\/li>\n<li>Tr\u00e1mites de inmigraci\u00f3n<\/li>\n<li>Compra de armas<\/li>\n<li>Unirse a una organizaci\u00f3n de acreditaci\u00f3n<\/li>\n<\/ul>\n<h3 style=\"text-align: center;\">Nuestra promesa:<\/h3>\n<p style=\"text-align: center;\">Proporcionar la experiencia m\u00e1s r\u00e1pida y amable a nuestros clientes.<br \/>\nSaldr\u00e1 de nuestra oficina con confianza y satisfacci\u00f3n.<br \/>\nPregunte por nuestros descuentos por volumen y servicios para cuentas comerciales.<\/p>\n<p style=\"text-align: center;\"><a href=\"http:\/\/mrfingerprints.com\/haz-tu-cita\/\">Reserve su cita<\/a><\/p>\n<h5 class=\"vc_custom_heading\" style=\"text-align: center;\">Solicite su verificaci\u00f3n de antecedentes penales por internet. \u00a1Es r\u00e1pido! \u00a1Es f\u00e1cil!<br \/>\nReserve su cita, d\u00edganos qu\u00e9 necesita y le confirmaremos la fecha y la hora.<\/h5>\n","protected":false},"excerpt":{"rendered":"<p>C\u00f3mo obtener mis antecedentes penales por internet Uno de los servicios clave que ofrecemos es la Revisi\u00f3n de Expediente Personal del FBI (tambi\u00e9n conocido como Orden Departamental de los Estados Unidos 556-73). En MR Fingerprints, ofrecemos el servicio m\u00e1s r\u00e1pido del sector con la capacidad de entregar su informe del FBI en l\u00ednea. Los resultados [&hellip;]<\/p>\n","protected":false},"author":6,"featured_media":0,"parent":0,"menu_order":0,"comment_status":"closed","ping_status":"closed","template":"elementor_header_footer","meta":{"_acf_changed":false,"_yoast_wpseo_title":"C\u00f3mo obtener mis antecedentes penales por internet - Mr Fingerprints","_yoast_wpseo_metadesc":"\u00bfC\u00f3mo obtener mis antecedentes penales por internet? Con MR Fingerprints puede realizar su pedido en l\u00ednea y recibir sus resultados por internet. Es f\u00e1cil y r\u00e1pido.","_metasync_otto_title":"","_metasync_otto_description":"","_metasync_otto_keywords":"","_metasync_otto_og_title":"","_metasync_otto_og_description":"","_metasync_otto_twitter_title":"","_metasync_otto_twitter_description":"","rank_math_title":"","rank_math_description":"","_aioseo_title":"","_aioseo_description":"","_metasync_seo_title":"","_metasync_seo_desc":"","_metasync_breadcrumb_title":"","_metasync_primary_category":0,"_metasync_primary_product_cat":0,"_metasync_otto_disabled":"","_metasync_hreflang":"","footnotes":""},"class_list":["post-9217","page","type-page","status-publish","hentry"],"acf":[],"yoast_head":"<!-- This site is optimized with the Yoast SEO plugin v27.2 - https:\/\/yoast.com\/product\/yoast-seo-wordpress\/ -->\n<title>C\u00f3mo obtener mis antecedentes penales por internet - Mr Fingerprints<\/title>\n<meta name=\"description\" content=\"\u00bfC\u00f3mo obtener mis antecedentes penales por internet? Con MR Fingerprints puede realizar su pedido en l\u00ednea y recibir sus resultados por internet. Es f\u00e1cil y r\u00e1pido.\" \/>\n<meta name=\"robots\" content=\"index, follow, max-snippet:-1, max-image-preview:large, max-video-preview:-1\" \/>\n<link rel=\"canonical\" href=\"https:\/\/mrfingerprints.com\/es\/antecedentes-penales-por-internet\/\" \/>\n<meta property=\"og:locale\" content=\"es_ES\" \/>\n<meta property=\"og:type\" content=\"article\" \/>\n<meta property=\"og:title\" content=\"C\u00f3mo obtener mis antecedentes penales por internet - Mr Fingerprints\" \/>\n<meta property=\"og:description\" content=\"\u00bfC\u00f3mo obtener mis antecedentes penales por internet? Con MR Fingerprints puede realizar su pedido en l\u00ednea y recibir sus resultados por internet. Es f\u00e1cil y r\u00e1pido.\" \/>\n<meta property=\"og:url\" content=\"https:\/\/mrfingerprints.com\/es\/antecedentes-penales-por-internet\/\" \/>\n<meta property=\"og:site_name\" content=\"MR Fingerprints\" \/>\n<meta property=\"article:publisher\" content=\"https:\/\/www.facebook.com\/MR-Fingerprints-680019605478119\/\" \/>\n<meta property=\"og:image\" content=\"https:\/\/mrfingerprints.com\/wp-content\/uploads\/2024\/07\/mr-fingerprint-open-graph-logo.png\" \/>\n\t<meta property=\"og:image:width\" content=\"1200\" \/>\n\t<meta property=\"og:image:height\" content=\"675\" \/>\n\t<meta property=\"og:image:type\" content=\"image\/png\" \/>\n<meta name=\"twitter:card\" content=\"summary_large_image\" \/>\n<meta name=\"twitter:label1\" content=\"Tiempo de lectura\" \/>\n\t<meta name=\"twitter:data1\" content=\"3 minutos\" \/>\n<script type=\"application\/ld+json\" class=\"yoast-schema-graph\">{\"@context\":\"https:\/\/schema.org\",\"@graph\":[{\"@type\":\"WebPage\",\"@id\":\"https:\/\/mrfingerprints.com\/es\/antecedentes-penales-por-internet\/\",\"url\":\"https:\/\/mrfingerprints.com\/es\/antecedentes-penales-por-internet\/\",\"name\":\"C\u00f3mo obtener mis antecedentes penales por internet - Mr Fingerprints\",\"isPartOf\":{\"@id\":\"https:\/\/mrfingerprints.com\/es\/#website\"},\"datePublished\":\"2026-03-20T19:36:37+00:00\",\"description\":\"\u00bfC\u00f3mo obtener mis antecedentes penales por internet? Con MR Fingerprints puede realizar su pedido en l\u00ednea y recibir sus resultados por internet. Es f\u00e1cil y r\u00e1pido.\",\"breadcrumb\":{\"@id\":\"https:\/\/mrfingerprints.com\/es\/antecedentes-penales-por-internet\/#breadcrumb\"},\"inLanguage\":\"es\",\"potentialAction\":[{\"@type\":\"ReadAction\",\"target\":[\"https:\/\/mrfingerprints.com\/es\/antecedentes-penales-por-internet\/\"]}]},{\"@type\":\"BreadcrumbList\",\"@id\":\"https:\/\/mrfingerprints.com\/es\/antecedentes-penales-por-internet\/#breadcrumb\",\"itemListElement\":[{\"@type\":\"ListItem\",\"position\":1,\"name\":\"Home\",\"item\":\"https:\/\/mrfingerprints.com\/es\/inicio\/\"},{\"@type\":\"ListItem\",\"position\":2,\"name\":\"Antecedentes penales por internet\"}]},{\"@type\":\"WebSite\",\"@id\":\"https:\/\/mrfingerprints.com\/es\/#website\",\"url\":\"https:\/\/mrfingerprints.com\/es\/\",\"name\":\"MR. Fingerprints\",\"description\":\"The Fastest Fingerprinting Services in Los Angeles and Rancho Cucamonga\",\"publisher\":{\"@id\":\"https:\/\/mrfingerprints.com\/es\/#organization\"},\"potentialAction\":[{\"@type\":\"SearchAction\",\"target\":{\"@type\":\"EntryPoint\",\"urlTemplate\":\"https:\/\/mrfingerprints.com\/es\/?s={search_term_string}\"},\"query-input\":{\"@type\":\"PropertyValueSpecification\",\"valueRequired\":true,\"valueName\":\"search_term_string\"}}],\"inLanguage\":\"es\"},{\"@type\":\"Organization\",\"@id\":\"https:\/\/mrfingerprints.com\/es\/#organization\",\"name\":\"MR. Fingerprints\",\"url\":\"https:\/\/mrfingerprints.com\/es\/\",\"logo\":{\"@type\":\"ImageObject\",\"inLanguage\":\"es\",\"@id\":\"https:\/\/mrfingerprints.com\/es\/#\/schema\/logo\/image\/\",\"url\":\"https:\/\/mrfingerprints.com\/wp-content\/uploads\/2024\/04\/new-updated-logo.png\",\"contentUrl\":\"https:\/\/mrfingerprints.com\/wp-content\/uploads\/2024\/04\/new-updated-logo.png\",\"width\":533,\"height\":106,\"caption\":\"MR. Fingerprints\"},\"image\":{\"@id\":\"https:\/\/mrfingerprints.com\/es\/#\/schema\/logo\/image\/\"},\"sameAs\":[\"https:\/\/www.facebook.com\/MR-Fingerprints-680019605478119\/\",\"http:\/\/instagram.com\/mrfingerprints1\/\",\"https:\/\/www.youtube.com\/channel\/UCKNi6bNBqQAIrUPceU4R29g\"]}]}<\/script>\n<!-- \/ Yoast SEO plugin. -->","yoast_head_json":{"title":"C\u00f3mo obtener mis antecedentes penales por internet - Mr Fingerprints","description":"\u00bfC\u00f3mo obtener mis antecedentes penales por internet? Con MR Fingerprints puede realizar su pedido en l\u00ednea y recibir sus resultados por internet. Es f\u00e1cil y r\u00e1pido.","robots":{"index":"index","follow":"follow","max-snippet":"max-snippet:-1","max-image-preview":"max-image-preview:large","max-video-preview":"max-video-preview:-1"},"canonical":"https:\/\/mrfingerprints.com\/es\/antecedentes-penales-por-internet\/","og_locale":"es_ES","og_type":"article","og_title":"C\u00f3mo obtener mis antecedentes penales por internet - Mr Fingerprints","og_description":"\u00bfC\u00f3mo obtener mis antecedentes penales por internet? Con MR Fingerprints puede realizar su pedido en l\u00ednea y recibir sus resultados por internet. Es f\u00e1cil y r\u00e1pido.","og_url":"https:\/\/mrfingerprints.com\/es\/antecedentes-penales-por-internet\/","og_site_name":"MR Fingerprints","article_publisher":"https:\/\/www.facebook.com\/MR-Fingerprints-680019605478119\/","og_image":[{"width":1200,"height":675,"url":"https:\/\/mrfingerprints.com\/wp-content\/uploads\/2024\/07\/mr-fingerprint-open-graph-logo.png","type":"image\/png"}],"twitter_card":"summary_large_image","twitter_misc":{"Tiempo de lectura":"3 minutos"},"schema":{"@context":"https:\/\/schema.org","@graph":[{"@type":"WebPage","@id":"https:\/\/mrfingerprints.com\/es\/antecedentes-penales-por-internet\/","url":"https:\/\/mrfingerprints.com\/es\/antecedentes-penales-por-internet\/","name":"C\u00f3mo obtener mis antecedentes penales por internet - Mr Fingerprints","isPartOf":{"@id":"https:\/\/mrfingerprints.com\/es\/#website"},"datePublished":"2026-03-20T19:36:37+00:00","description":"\u00bfC\u00f3mo obtener mis antecedentes penales por internet? Con MR Fingerprints puede realizar su pedido en l\u00ednea y recibir sus resultados por internet. Es f\u00e1cil y r\u00e1pido.","breadcrumb":{"@id":"https:\/\/mrfingerprints.com\/es\/antecedentes-penales-por-internet\/#breadcrumb"},"inLanguage":"es","potentialAction":[{"@type":"ReadAction","target":["https:\/\/mrfingerprints.com\/es\/antecedentes-penales-por-internet\/"]}]},{"@type":"BreadcrumbList","@id":"https:\/\/mrfingerprints.com\/es\/antecedentes-penales-por-internet\/#breadcrumb","itemListElement":[{"@type":"ListItem","position":1,"name":"Home","item":"https:\/\/mrfingerprints.com\/es\/inicio\/"},{"@type":"ListItem","position":2,"name":"Antecedentes penales por internet"}]},{"@type":"WebSite","@id":"https:\/\/mrfingerprints.com\/es\/#website","url":"https:\/\/mrfingerprints.com\/es\/","name":"MR. Fingerprints","description":"The Fastest Fingerprinting Services in Los Angeles and Rancho Cucamonga","publisher":{"@id":"https:\/\/mrfingerprints.com\/es\/#organization"},"potentialAction":[{"@type":"SearchAction","target":{"@type":"EntryPoint","urlTemplate":"https:\/\/mrfingerprints.com\/es\/?s={search_term_string}"},"query-input":{"@type":"PropertyValueSpecification","valueRequired":true,"valueName":"search_term_string"}}],"inLanguage":"es"},{"@type":"Organization","@id":"https:\/\/mrfingerprints.com\/es\/#organization","name":"MR. Fingerprints","url":"https:\/\/mrfingerprints.com\/es\/","logo":{"@type":"ImageObject","inLanguage":"es","@id":"https:\/\/mrfingerprints.com\/es\/#\/schema\/logo\/image\/","url":"https:\/\/mrfingerprints.com\/wp-content\/uploads\/2024\/04\/new-updated-logo.png","contentUrl":"https:\/\/mrfingerprints.com\/wp-content\/uploads\/2024\/04\/new-updated-logo.png","width":533,"height":106,"caption":"MR. Fingerprints"},"image":{"@id":"https:\/\/mrfingerprints.com\/es\/#\/schema\/logo\/image\/"},"sameAs":["https:\/\/www.facebook.com\/MR-Fingerprints-680019605478119\/","http:\/\/instagram.com\/mrfingerprints1\/","https:\/\/www.youtube.com\/channel\/UCKNi6bNBqQAIrUPceU4R29g"]}]}},"_links":{"self":[{"href":"https:\/\/mrfingerprints.com\/es\/wp-json\/wp\/v2\/pages\/9217","targetHints":{"allow":["GET"]}}],"collection":[{"href":"https:\/\/mrfingerprints.com\/es\/wp-json\/wp\/v2\/pages"}],"about":[{"href":"https:\/\/mrfingerprints.com\/es\/wp-json\/wp\/v2\/types\/page"}],"author":[{"embeddable":true,"href":"https:\/\/mrfingerprints.com\/es\/wp-json\/wp\/v2\/users\/6"}],"replies":[{"embeddable":true,"href":"https:\/\/mrfingerprints.com\/es\/wp-json\/wp\/v2\/comments?post=9217"}],"version-history":[{"count":0,"href":"https:\/\/mrfingerprints.com\/es\/wp-json\/wp\/v2\/pages\/9217\/revisions"}],"wp:attachment":[{"href":"https:\/\/mrfingerprints.com\/es\/wp-json\/wp\/v2\/media?parent=9217"}],"curies":[{"name":"wp","href":"https:\/\/api.w.org\/{rel}","templated":true}]}}